{"id":571,"date":"2017-10-13T09:40:33","date_gmt":"2017-10-13T09:40:33","guid":{"rendered":"http:\/\/francoontrial.playloud.org\/?page_id=571"},"modified":"2020-07-31T15:29:51","modified_gmt":"2020-07-31T15:29:51","slug":"creditos","status":"publish","type":"page","link":"https:\/\/playloud.org\/francoontrial\/es\/creditos\/","title":{"rendered":"Cr\u00e9ditos"},"content":{"rendered":"<p>&nbsp;<\/p>\n<p><a href=\"http:\/\/www.playloud.org\/\" target=\"_blank\" rel=\"noopener noreferrer\">play loud! productions<\/a><br \/>\n<span style=\"color: #ffffff;\">presenta<\/span><br \/>\n<span style=\"color: #ffffff;\">LA CAUSA CONTRA FRANCO<\/span><\/p>\n<p><span style=\"color: #ffffff;\">En colaboraci\u00f3n con ARTE y WDR<\/span><br \/>\n<span style=\"color: #ffffff;\">Escrita, producida y dirigida por DIETMAR POST y LUC\u00cdA PALACIOS<\/span><br \/>\n<span style=\"color: #ffffff;\">Montaje: KARL-W. HUELSENBECK &amp; GERTRUDIS HANTSCHNK<\/span><br \/>\n<span style=\"color: #ffffff;\">Asesor hist\u00f3rico: FRANCISCO ESPINOSA<\/span><br \/>\n<span style=\"color: #ffffff;\">Ayudante de investigaci\u00f3n y producci\u00f3n: LAURA MARISELA MART\u00cdNEZ<\/span><br \/>\n<span style=\"color: #ffffff;\">Asesor de producci\u00f3n: GUNTER HANFGARN<\/span><br \/>\n<span style=\"color: #ffffff;\">Mezcla de sonido: ALEXANDER GOEHRKE &#8211; REKORDER<\/span><br \/>\n<span style=\"color: #ffffff;\">Correcciones de color: DANIEL ST\u00dcBNER<\/span><br \/>\n<span style=\"color: #ffffff;\">Redactora: SABINE ROLLBERG (WDR\/ARTE)<\/span><br \/>\n<span style=\"color: #ffffff;\">World Sales:<\/span> <a href=\"http:\/\/www.newdocs.de\/the-forgotten-genocide\/\" target=\"_blank\" rel=\"noopener noreferrer\">NEW DOC<\/a><\/p>\n<p><span style=\"color: #ffffff;\">Con:<br \/>\nBenito Bermejo<br \/>\nFrancisco Etxeberr\u00eda<br \/>\nLidia Falc\u00f3n<br \/>\nJos\u00e9 Mar\u00eda Galante<br \/>\nBaltasar Garz\u00f3n<br \/>\nJosu Ibargutxi<br \/>\nElisa Kalzada<br \/>\nJulen Kalzada<br \/>\nFrancisco Espinosa<br \/>\nPablo Mayoral<br \/>\nAscensi\u00f3n Mendieta<br \/>\nAna Messuti<br \/>\nAntonio Narv\u00e1ez<br \/>\nElsa Osaba<br \/>\nRen\u00e9 Pacheco<br \/>\nMer\u00e7ona Puig Antich<br \/>\nDar\u00edo Rivas<br \/>\nMaria Servini de Cubr\u00eda<br \/>\nCarlos Slepoy<br \/>\nNicol\u00e1s S\u00e1nchez Albornoz<br \/>\nAndoni Txasko<br \/>\nJos\u00e9 Utrera Molina<br \/>\nMar\u00eda Eugenia Yag\u00fce<br \/>\n&nbsp;<\/span><\/p>\n<p>&nbsp;<\/p>\n","protected":false},"excerpt":{"rendered":"<p>&nbsp; play loud! productions presenta LA CAUSA CONTRA FRANCO En colaboraci\u00f3n con ARTE y WDR Escrita, producida y dirigida por DIETMAR POST y LUC\u00cdA PALACIOS Montaje: KARL-W. HUELSENBECK &amp; GERTRUDIS HANTSCHNK Asesor hist\u00f3rico: FRANCISCO ESPINOSA Ayudante de investigaci\u00f3n y producci\u00f3n: LAURA MARISELA MART\u00cdNEZ Asesor de producci\u00f3n: GUNTER HANFGARN Mezcla de sonido: ALEXANDER GOEHRKE &#8211; REKORDER [&hellip;]<\/p>\n","protected":false},"author":1,"featured_media":0,"parent":0,"menu_order":0,"comment_status":"closed","ping_status":"closed","template":"page-center.php","meta":{"nf_dc_page":"","footnotes":""},"class_list":["post-571","page","type-page","status-publish","hentry"],"jetpack_sharing_enabled":true,"post_mailing_queue_ids":[],"_links":{"self":[{"href":"https:\/\/playloud.org\/francoontrial\/wp-json\/wp\/v2\/pages\/571","targetHints":{"allow":["GET"]}}],"collection":[{"href":"https:\/\/playloud.org\/francoontrial\/wp-json\/wp\/v2\/pages"}],"about":[{"href":"https:\/\/playloud.org\/francoontrial\/wp-json\/wp\/v2\/types\/page"}],"author":[{"embeddable":true,"href":"https:\/\/playloud.org\/francoontrial\/wp-json\/wp\/v2\/users\/1"}],"replies":[{"embeddable":true,"href":"https:\/\/playloud.org\/francoontrial\/wp-json\/wp\/v2\/comments?post=571"}],"version-history":[{"count":25,"href":"https:\/\/playloud.org\/francoontrial\/wp-json\/wp\/v2\/pages\/571\/revisions"}],"predecessor-version":[{"id":2383,"href":"https:\/\/playloud.org\/francoontrial\/wp-json\/wp\/v2\/pages\/571\/revisions\/2383"}],"wp:attachment":[{"href":"https:\/\/playloud.org\/francoontrial\/wp-json\/wp\/v2\/media?parent=571"}],"curies":[{"name":"wp","href":"https:\/\/api.w.org\/{rel}","templated":true}]}}